{"id":3570,"date":"2021-07-06T13:17:35","date_gmt":"2021-07-06T16:17:35","guid":{"rendered":"https:\/\/www.gilbertogarcia.com.br\/site\/?page_id=3570"},"modified":"2023-04-12T22:38:29","modified_gmt":"2023-04-13T01:38:29","slug":"agenda","status":"publish","type":"page","link":"https:\/\/www.gilbertogarcia.com.br\/en\/agenda\/","title":{"rendered":"Make an Appointment"},"content":{"rendered":"\t\t<div data-elementor-type=\"wp-page\" data-elementor-id=\"3570\" class=\"elementor elementor-3570\" data-elementor-post-type=\"page\">\n\t\t\t\t\t\t<section class=\"elementor-section elementor-top-section elementor-element elementor-element-4ade6df elementor-section-boxed elementor-section-height-default elementor-section-height-default\" data-id=\"4ade6df\" data-element_type=\"section\" data-e-type=\"section\" data-settings=\"{&quot;background_background&quot;:&quot;classic&quot;,&quot;jet_parallax_layout_list&quot;:[]}\">\n\t\t\t\t\t\t<div class=\"elementor-container elementor-column-gap-no\">\n\t\t\t\t\t<div class=\"elementor-column elementor-col-100 elementor-top-column elementor-element elementor-element-c5fd240\" data-id=\"c5fd240\" data-element_type=\"column\" data-e-type=\"column\">\n\t\t\t<div class=\"elementor-widget-wrap elementor-element-populated\">\n\t\t\t\t\t\t<div class=\"elementor-element elementor-element-ae9ae29 elementor-widget elementor-widget-heading\" data-id=\"ae9ae29\" data-element_type=\"widget\" data-e-type=\"widget\" data-widget_type=\"heading.default\">\n\t\t\t\t<div class=\"elementor-widget-container\">\n\t\t\t\t\t<h1 class=\"elementor-heading-title elementor-size-default\">Fa\u00e7a aqui seu agendamento<\/h1>\t\t\t\t<\/div>\n\t\t\t\t<\/div>\n\t\t\t\t\t<\/div>\n\t\t<\/div>\n\t\t\t\t\t<\/div>\n\t\t<\/section>\n\t\t\t\t<section class=\"elementor-section elementor-top-section elementor-element elementor-element-52ccc5d elementor-section-boxed elementor-section-height-default elementor-section-height-default\" data-id=\"52ccc5d\" data-element_type=\"section\" data-e-type=\"section\" data-settings=\"{&quot;jet_parallax_layout_list&quot;:[]}\">\n\t\t\t\t\t\t<div class=\"elementor-container elementor-column-gap-default\">\n\t\t\t\t\t<div class=\"elementor-column elementor-col-50 elementor-top-column elementor-element elementor-element-52e165b\" data-id=\"52e165b\" data-element_type=\"column\" data-e-type=\"column\">\n\t\t\t<div class=\"elementor-widget-wrap elementor-element-populated\">\n\t\t\t\t\t\t<div class=\"elementor-element elementor-element-ce280ef elementor-widget elementor-widget-heading\" data-id=\"ce280ef\" data-element_type=\"widget\" data-e-type=\"widget\" data-widget_type=\"heading.default\">\n\t\t\t\t<div class=\"elementor-widget-container\">\n\t\t\t\t\t<h1 class=\"elementor-heading-title elementor-size-default\">Atendimento Terap\u00eautico. Psic\u00f3logo<br>\nGilberto Garcia<\/h1>\t\t\t\t<\/div>\n\t\t\t\t<\/div>\n\t\t\t\t<div class=\"elementor-element elementor-element-901faa5 elementor-widget elementor-widget-text-editor\" data-id=\"901faa5\" data-element_type=\"widget\" data-e-type=\"widget\" data-widget_type=\"text-editor.default\">\n\t\t\t\t<div class=\"elementor-widget-container\">\n\t\t\t\t\t\t\t\t\t<div class=\"wpb_text_column wpb_content_element \"><div class=\"wpb_wrapper\"><p>Rua Fortunato Faraone n\u00ba 695<br \/>Jardim Girassol \u2013 Americana\/SP<\/p><\/div><\/div><div class=\"wpb_text_column wpb_content_element vc_custom_1487732966489\"><div class=\"wpb_wrapper\"><p><a href=\"mailto:falecom@gilbertogarcia.com.br\">falecom@gilbertogarcia.com.br<\/a><\/p><p>Telefones:<br \/><sup>19<\/sup> 3626-1840<br \/><a href=\"tel:+5519992344368\"><sup>19<\/sup> 992-344-368<\/a><\/p><\/div><\/div>\t\t\t\t\t\t\t\t<\/div>\n\t\t\t\t<\/div>\n\t\t\t\t<div class=\"elementor-element elementor-element-ea4b79f elementor-button-info elementor-align-left elementor-widget elementor-widget-button\" data-id=\"ea4b79f\" data-element_type=\"widget\" data-e-type=\"widget\" data-widget_type=\"button.default\">\n\t\t\t\t<div class=\"elementor-widget-container\">\n\t\t\t\t\t\t\t\t\t<div class=\"elementor-button-wrapper\">\n\t\t\t\t\t<a class=\"elementor-button elementor-button-link elementor-size-sm\" href=\"https:\/\/www.gilbertogarcia.com.br\/downloads\/gilberto-garcia-psicologo.pdf\">\n\t\t\t\t\t\t<span class=\"elementor-button-content-wrapper\">\n\t\t\t\t\t\t<span class=\"elementor-button-icon\">\n\t\t\t\t<i aria-hidden=\"true\" class=\"fas fa-download\"><\/i>\t\t\t<\/span>\n\t\t\t\t\t\t\t\t\t<span class=\"elementor-button-text\">Download do Cart\u00e3o Virtual<\/span>\n\t\t\t\t\t<\/span>\n\t\t\t\t\t<\/a>\n\t\t\t\t<\/div>\n\t\t\t\t\t\t\t\t<\/div>\n\t\t\t\t<\/div>\n\t\t\t\t<div class=\"elementor-element elementor-element-d82aae2 elementor-button-info elementor-align-left elementor-mobile-align-left elementor-widget elementor-widget-button\" data-id=\"d82aae2\" data-element_type=\"widget\" data-e-type=\"widget\" data-widget_type=\"button.default\">\n\t\t\t\t<div class=\"elementor-widget-container\">\n\t\t\t\t\t\t\t\t\t<div class=\"elementor-button-wrapper\">\n\t\t\t\t\t<a class=\"elementor-button elementor-button-link elementor-size-sm\" href=\"https:\/\/site.cfp.org.br\/wp-content\/uploads\/2012\/07\/codigo-de-etica-psicologia.pdf\">\n\t\t\t\t\t\t<span class=\"elementor-button-content-wrapper\">\n\t\t\t\t\t\t<span class=\"elementor-button-icon\">\n\t\t\t\t<i aria-hidden=\"true\" class=\"fas fa-download\"><\/i>\t\t\t<\/span>\n\t\t\t\t\t\t\t\t\t<span class=\"elementor-button-text\">Download do C\u00f3digo de \u00c9tica da Psicologia<\/span>\n\t\t\t\t\t<\/span>\n\t\t\t\t\t<\/a>\n\t\t\t\t<\/div>\n\t\t\t\t\t\t\t\t<\/div>\n\t\t\t\t<\/div>\n\t\t\t\t\t<\/div>\n\t\t<\/div>\n\t\t\t\t<div class=\"elementor-column elementor-col-50 elementor-top-column elementor-element elementor-element-1bb13ca\" data-id=\"1bb13ca\" data-element_type=\"column\" data-e-type=\"column\">\n\t\t\t<div class=\"elementor-widget-wrap elementor-element-populated\">\n\t\t\t\t\t\t<div class=\"elementor-element elementor-element-879f239 elementor-widget elementor-widget-text-editor\" data-id=\"879f239\" data-element_type=\"widget\" data-e-type=\"widget\" data-widget_type=\"text-editor.default\">\n\t\t\t\t<div class=\"elementor-widget-container\">\n\t\t\t\t\t\t\t\t\t<p>Abaixo voc\u00ea encontra os hor\u00e1rios dispon\u00edveis para agendamento. <br \/>Ah! Se o Hor\u00e1rio que voc\u00ea procura n\u00e3o estiver dispon\u00edvel, entre em contato comigo pelo e-mail <strong>\u00a0<\/strong><a href=\"mailto:falecom@gilbertogarcia.com.br\"><strong>falecom@gilbertogarcia.com.br<\/strong>\u00a0<\/a>ou pelo <a href=\"https:\/\/api.whatsapp.com\/send?phone=5519992344368&amp;text=ol\u00e1. estou entrando em contato atrav\u00e9s do seu sitehttps:\/\/api.whatsapp.com\/send?l= pt_br &amp;phone=5519992344368&amp;text=ol\u00e1. estou entrando em contato para encontrar um hor\u00e1rio\" target=\"_blank\" rel=\"noopener\"><strong>Whatsapp<\/strong><\/a><\/p>\t\t\t\t\t\t\t\t<\/div>\n\t\t\t\t<\/div>\n\t\t\t\t<div class=\"elementor-element elementor-element-edb4387 elementor-widget elementor-widget-text-editor\" data-id=\"edb4387\" data-element_type=\"widget\" data-e-type=\"widget\" data-widget_type=\"text-editor.default\">\n\t\t\t\t<div class=\"elementor-widget-container\">\n\t\t\t\t\t\t\t\t\t<p style=\"text-align: center;\">Os hor\u00e1rios da agenda est\u00e3o sendo exibidos segundo seu fuso hor\u00e1rio.<br>\n<strong>21:18 America\/Sao_Paulo\n<\/strong><\/p>\t\t\t\t\t\t\t\t<\/div>\n\t\t\t\t<\/div>\n\t\t\t\t<div class=\"elementor-element elementor-element-7bfca75 elementor-widget elementor-widget-ameliabooking\" data-id=\"7bfca75\" data-element_type=\"widget\" data-e-type=\"widget\" data-widget_type=\"ameliabooking.default\">\n\t\t\t\t<div class=\"elementor-widget-container\">\n\t\t\t\t\t\n<script>\n  if (typeof hasAmeliaAppointment === 'undefined') {\n    var hasAmeliaAppointment = true;\n  }\n  if (typeof hasAppointmentApiCall === 'undefined' && '' === '') {\n    var hasAppointmentApiCall = true;\n  }\n  var hasBookingShortcode = (typeof hasBookingShortcode === 'undefined') ? false : true;\n  var bookingEntitiesIds = (typeof bookingEntitiesIds === 'undefined') ? [] : bookingEntitiesIds;\n  bookingEntitiesIds.push(\n    {\n      'hasApiCall': (typeof hasAppointmentApiCall !== 'undefined') && hasAppointmentApiCall,\n      'trigger': '',\n      'show': '',\n      'counter': '0',\n      'category': '',\n      'service': '',\n      'employee': '',\n      'location': ''\n    }\n  );\n  var lazyBookingEntitiesIds = (typeof lazyBookingEntitiesIds === 'undefined') ? [] : lazyBookingEntitiesIds;\n  if (bookingEntitiesIds[bookingEntitiesIds.length - 1].trigger !== '') {\n    lazyBookingEntitiesIds.push(bookingEntitiesIds.pop());\n  }\n  if (typeof hasAppointmentApiCall !== 'undefined' && hasAppointmentApiCall) {\n    hasAppointmentApiCall = false;\n  }\n<\/script>\n\n<div id=\"amelia-app-booking0\" class=\"amelia-booking amelia-frontend amelia-app-booking\">\n  <booking id=\"amelia-step-booking0\"><\/booking>\n<\/div>\n\t\t\t\t<\/div>\n\t\t\t\t<\/div>\n\t\t\t\t\t<\/div>\n\t\t<\/div>\n\t\t\t\t\t<\/div>\n\t\t<\/section>\n\t\t\t\t<\/div>\n\t\t","protected":false},"excerpt":{"rendered":"<p>Fa\u00e7a aqui seu agendamento Atendimento Terap\u00eautico. Psic\u00f3logo Gilberto Garcia Rua Fortunato Faraone n\u00ba 695 Jardim Girassol \u2013 Americana\/SP falecom@gilbertogarcia.com.br Telefones: 19 3626-1840 19 992-344-368 Download do Cart\u00e3o Virtual Download do C\u00f3digo de \u00c9tica da Psicologia Abaixo voc\u00ea encontra os hor\u00e1rios dispon\u00edveis para agendamento. Ah! Se o Hor\u00e1rio que voc\u00ea procura n\u00e3o estiver dispon\u00edvel, entre em [&hellip;]<\/p>\n","protected":false},"author":1,"featured_media":0,"parent":0,"menu_order":0,"comment_status":"closed","ping_status":"closed","template":"","meta":{"site-sidebar-layout":"no-sidebar","site-content-layout":"page-builder","ast-site-content-layout":"default","site-content-style":"default","site-sidebar-style":"default","ast-global-header-display":"","ast-banner-title-visibility":"","ast-main-header-display":"","ast-hfb-above-header-display":"","ast-hfb-below-header-display":"","ast-hfb-mobile-header-display":"","site-post-title":"disabled","ast-breadcrumbs-content":"","ast-featured-img":"disabled","footer-sml-layout":"","ast-disable-related-posts":"","theme-transparent-header-meta":"enabled","adv-header-id-meta":"","stick-header-meta":"","header-above-stick-meta":"","header-main-stick-meta":"","header-below-stick-meta":"","astra-migrate-meta-layouts":"default","ast-page-background-enabled":"default","ast-page-background-meta":{"desktop":{"background-color":"","background-image":"","background-repeat":"repeat","background-position":"center center","background-size":"auto","background-attachment":"scroll","background-type":"","background-media":"","overlay-type":"","overlay-color":"","overlay-opacity":"","overlay-gradient":""},"tablet":{"background-color":"","background-image":"","background-repeat":"repeat","background-position":"center center","background-size":"auto","background-attachment":"scroll","background-type":"","background-media":"","overlay-type":"","overlay-color":"","overlay-opacity":"","overlay-gradient":""},"mobile":{"background-color":"","background-image":"","background-repeat":"repeat","background-position":"center center","background-size":"auto","background-attachment":"scroll","background-type":"","background-media":"","overlay-type":"","overlay-color":"","overlay-opacity":"","overlay-gradient":""}},"ast-content-background-meta":{"desktop":{"background-color":"var(--ast-global-color-5)","background-image":"","background-repeat":"repeat","background-position":"center center","background-size":"auto","background-attachment":"scroll","background-type":"","background-media":"","overlay-type":"","overlay-color":"","overlay-opacity":"","overlay-gradient":""},"tablet":{"background-color":"var(--ast-global-color-5)","background-image":"","background-repeat":"repeat","background-position":"center center","background-size":"auto","background-attachment":"scroll","background-type":"","background-media":"","overlay-type":"","overlay-color":"","overlay-opacity":"","overlay-gradient":""},"mobile":{"background-color":"var(--ast-global-color-5)","background-image":"","background-repeat":"repeat","background-position":"center center","background-size":"auto","background-attachment":"scroll","background-type":"","background-media":"","overlay-type":"","overlay-color":"","overlay-opacity":"","overlay-gradient":""}},"footnotes":""},"class_list":["post-3570","page","type-page","status-publish","hentry"],"yoast_head":"<!-- This site is optimized with the Yoast SEO plugin v27.4 - https:\/\/yoast.com\/product\/yoast-seo-wordpress\/ -->\n<title>Agendamento - Gilberto Garcia<\/title>\n<meta name=\"robots\" content=\"index, follow, max-snippet:-1, max-image-preview:large, max-video-preview:-1\" \/>\n<link rel=\"canonical\" href=\"https:\/\/www.gilbertogarcia.com.br\/en\/agenda\/\" \/>\n<meta property=\"og:locale\" content=\"en_US\" \/>\n<meta property=\"og:type\" content=\"article\" \/>\n<meta property=\"og:title\" content=\"Agendamento - Gilberto Garcia\" \/>\n<meta property=\"og:description\" content=\"Fa\u00e7a aqui seu agendamento Atendimento Terap\u00eautico. Psic\u00f3logo Gilberto Garcia Rua Fortunato Faraone n\u00ba 695 Jardim Girassol \u2013 Americana\/SP falecom@gilbertogarcia.com.br Telefones: 19 3626-1840 19 992-344-368 Download do Cart\u00e3o Virtual Download do C\u00f3digo de \u00c9tica da Psicologia Abaixo voc\u00ea encontra os hor\u00e1rios dispon\u00edveis para agendamento. Ah! Se o Hor\u00e1rio que voc\u00ea procura n\u00e3o estiver dispon\u00edvel, entre em [&hellip;]\" \/>\n<meta property=\"og:url\" content=\"https:\/\/www.gilbertogarcia.com.br\/en\/agenda\/\" \/>\n<meta property=\"og:site_name\" content=\"Gilberto Garcia\" \/>\n<meta property=\"article:publisher\" content=\"https:\/\/pt-br.facebook.com\/gilberto.garcia.psicologo\/\" \/>\n<meta property=\"article:modified_time\" content=\"2023-04-13T01:38:29+00:00\" \/>\n<meta property=\"og:image\" content=\"https:\/\/www.gilbertogarcia.com.br\/site\/wp-content\/uploads\/2021\/12\/home-dez2021-2.webp\" \/>\n\t<meta property=\"og:image:width\" content=\"1920\" \/>\n\t<meta property=\"og:image:height\" content=\"732\" \/>\n\t<meta property=\"og:image:type\" content=\"image\/webp\" \/>\n<meta name=\"twitter:card\" content=\"summary_large_image\" \/>\n<meta name=\"twitter:site\" content=\"@GilbertoPsic\" \/>\n<meta name=\"twitter:label1\" content=\"Est. reading time\" \/>\n\t<meta name=\"twitter:data1\" content=\"1 minute\" \/>\n<script type=\"application\/ld+json\" class=\"yoast-schema-graph\">{\"@context\":\"https:\\\/\\\/schema.org\",\"@graph\":[{\"@type\":\"WebPage\",\"@id\":\"https:\\\/\\\/www.gilbertogarcia.com.br\\\/agenda\\\/\",\"url\":\"https:\\\/\\\/www.gilbertogarcia.com.br\\\/agenda\\\/\",\"name\":\"Agendamento - Gilberto Garcia\",\"isPartOf\":{\"@id\":\"https:\\\/\\\/www.gilbertogarcia.com.br\\\/#website\"},\"datePublished\":\"2021-07-06T16:17:35+00:00\",\"dateModified\":\"2023-04-13T01:38:29+00:00\",\"breadcrumb\":{\"@id\":\"https:\\\/\\\/www.gilbertogarcia.com.br\\\/agenda\\\/#breadcrumb\"},\"inLanguage\":\"en-US\",\"potentialAction\":[{\"@type\":\"ReadAction\",\"target\":[\"https:\\\/\\\/www.gilbertogarcia.com.br\\\/agenda\\\/\"]}]},{\"@type\":\"BreadcrumbList\",\"@id\":\"https:\\\/\\\/www.gilbertogarcia.com.br\\\/agenda\\\/#breadcrumb\",\"itemListElement\":[{\"@type\":\"ListItem\",\"position\":1,\"name\":\"In\u00edcio\",\"item\":\"https:\\\/\\\/www.gilbertogarcia.com.br\\\/\"},{\"@type\":\"ListItem\",\"position\":2,\"name\":\"Agendamento\"}]},{\"@type\":\"WebSite\",\"@id\":\"https:\\\/\\\/www.gilbertogarcia.com.br\\\/#website\",\"url\":\"https:\\\/\\\/www.gilbertogarcia.com.br\\\/\",\"name\":\"Gilberto Garcia\",\"description\":\"Psic\u00f3logo\",\"publisher\":{\"@id\":\"https:\\\/\\\/www.gilbertogarcia.com.br\\\/#organization\"},\"potentialAction\":[{\"@type\":\"SearchAction\",\"target\":{\"@type\":\"EntryPoint\",\"urlTemplate\":\"https:\\\/\\\/www.gilbertogarcia.com.br\\\/?s={search_term_string}\"},\"query-input\":{\"@type\":\"PropertyValueSpecification\",\"valueRequired\":true,\"valueName\":\"search_term_string\"}}],\"inLanguage\":\"en-US\"},{\"@type\":\"Organization\",\"@id\":\"https:\\\/\\\/www.gilbertogarcia.com.br\\\/#organization\",\"name\":\"Psic\u00f3logo Gilberto Garcia\",\"url\":\"https:\\\/\\\/www.gilbertogarcia.com.br\\\/\",\"logo\":{\"@type\":\"ImageObject\",\"inLanguage\":\"en-US\",\"@id\":\"https:\\\/\\\/www.gilbertogarcia.com.br\\\/#\\\/schema\\\/logo\\\/image\\\/\",\"url\":\"https:\\\/\\\/www.gilbertogarcia.com.br\\\/web\\\/wp-content\\\/uploads\\\/2019\\\/09\\\/logo-site-black.png\",\"contentUrl\":\"https:\\\/\\\/www.gilbertogarcia.com.br\\\/web\\\/wp-content\\\/uploads\\\/2019\\\/09\\\/logo-site-black.png\",\"width\":190,\"height\":145,\"caption\":\"Psic\u00f3logo Gilberto Garcia\"},\"image\":{\"@id\":\"https:\\\/\\\/www.gilbertogarcia.com.br\\\/#\\\/schema\\\/logo\\\/image\\\/\"},\"sameAs\":[\"https:\\\/\\\/pt-br.facebook.com\\\/gilberto.garcia.psicologo\\\/\",\"https:\\\/\\\/x.com\\\/GilbertoPsic\",\"https:\\\/\\\/www.instagram.com\\\/gilbertogarcia_psicologo\\\/\",\"http:\\\/\\\/linkedin.com\\\/company\\\/gilberto-garcia-psiclogo\"]}]}<\/script>\n<!-- \/ Yoast SEO plugin. -->","yoast_head_json":{"title":"Agendamento - Gilberto Garcia","robots":{"index":"index","follow":"follow","max-snippet":"max-snippet:-1","max-image-preview":"max-image-preview:large","max-video-preview":"max-video-preview:-1"},"canonical":"https:\/\/www.gilbertogarcia.com.br\/en\/agenda\/","og_locale":"en_US","og_type":"article","og_title":"Agendamento - Gilberto Garcia","og_description":"Fa\u00e7a aqui seu agendamento Atendimento Terap\u00eautico. Psic\u00f3logo Gilberto Garcia Rua Fortunato Faraone n\u00ba 695 Jardim Girassol \u2013 Americana\/SP falecom@gilbertogarcia.com.br Telefones: 19 3626-1840 19 992-344-368 Download do Cart\u00e3o Virtual Download do C\u00f3digo de \u00c9tica da Psicologia Abaixo voc\u00ea encontra os hor\u00e1rios dispon\u00edveis para agendamento. Ah! Se o Hor\u00e1rio que voc\u00ea procura n\u00e3o estiver dispon\u00edvel, entre em [&hellip;]","og_url":"https:\/\/www.gilbertogarcia.com.br\/en\/agenda\/","og_site_name":"Gilberto Garcia","article_publisher":"https:\/\/pt-br.facebook.com\/gilberto.garcia.psicologo\/","article_modified_time":"2023-04-13T01:38:29+00:00","og_image":[{"width":1920,"height":732,"url":"https:\/\/www.gilbertogarcia.com.br\/site\/wp-content\/uploads\/2021\/12\/home-dez2021-2.webp","type":"image\/webp"}],"twitter_card":"summary_large_image","twitter_site":"@GilbertoPsic","twitter_misc":{"Est. reading time":"1 minute"},"schema":{"@context":"https:\/\/schema.org","@graph":[{"@type":"WebPage","@id":"https:\/\/www.gilbertogarcia.com.br\/agenda\/","url":"https:\/\/www.gilbertogarcia.com.br\/agenda\/","name":"Agendamento - Gilberto Garcia","isPartOf":{"@id":"https:\/\/www.gilbertogarcia.com.br\/#website"},"datePublished":"2021-07-06T16:17:35+00:00","dateModified":"2023-04-13T01:38:29+00:00","breadcrumb":{"@id":"https:\/\/www.gilbertogarcia.com.br\/agenda\/#breadcrumb"},"inLanguage":"en-US","potentialAction":[{"@type":"ReadAction","target":["https:\/\/www.gilbertogarcia.com.br\/agenda\/"]}]},{"@type":"BreadcrumbList","@id":"https:\/\/www.gilbertogarcia.com.br\/agenda\/#breadcrumb","itemListElement":[{"@type":"ListItem","position":1,"name":"In\u00edcio","item":"https:\/\/www.gilbertogarcia.com.br\/"},{"@type":"ListItem","position":2,"name":"Agendamento"}]},{"@type":"WebSite","@id":"https:\/\/www.gilbertogarcia.com.br\/#website","url":"https:\/\/www.gilbertogarcia.com.br\/","name":"Gilberto Garcia","description":"Psychologist","publisher":{"@id":"https:\/\/www.gilbertogarcia.com.br\/#organization"},"potentialAction":[{"@type":"SearchAction","target":{"@type":"EntryPoint","urlTemplate":"https:\/\/www.gilbertogarcia.com.br\/?s={search_term_string}"},"query-input":{"@type":"PropertyValueSpecification","valueRequired":true,"valueName":"search_term_string"}}],"inLanguage":"en-US"},{"@type":"Organization","@id":"https:\/\/www.gilbertogarcia.com.br\/#organization","name":"Gilberto Garcia \u2013 Psychologist","url":"https:\/\/www.gilbertogarcia.com.br\/","logo":{"@type":"ImageObject","inLanguage":"en-US","@id":"https:\/\/www.gilbertogarcia.com.br\/#\/schema\/logo\/image\/","url":"https:\/\/www.gilbertogarcia.com.br\/web\/wp-content\/uploads\/2019\/09\/logo-site-black.png","contentUrl":"https:\/\/www.gilbertogarcia.com.br\/web\/wp-content\/uploads\/2019\/09\/logo-site-black.png","width":190,"height":145,"caption":"Psic\u00f3logo Gilberto Garcia"},"image":{"@id":"https:\/\/www.gilbertogarcia.com.br\/#\/schema\/logo\/image\/"},"sameAs":["https:\/\/pt-br.facebook.com\/gilberto.garcia.psicologo\/","https:\/\/x.com\/GilbertoPsic","https:\/\/www.instagram.com\/gilbertogarcia_psicologo\/","http:\/\/linkedin.com\/company\/gilberto-garcia-psiclogo"]}]}},"_links":{"self":[{"href":"https:\/\/www.gilbertogarcia.com.br\/en\/wp-json\/wp\/v2\/pages\/3570","targetHints":{"allow":["GET"]}}],"collection":[{"href":"https:\/\/www.gilbertogarcia.com.br\/en\/wp-json\/wp\/v2\/pages"}],"about":[{"href":"https:\/\/www.gilbertogarcia.com.br\/en\/wp-json\/wp\/v2\/types\/page"}],"author":[{"embeddable":true,"href":"https:\/\/www.gilbertogarcia.com.br\/en\/wp-json\/wp\/v2\/users\/1"}],"replies":[{"embeddable":true,"href":"https:\/\/www.gilbertogarcia.com.br\/en\/wp-json\/wp\/v2\/comments?post=3570"}],"version-history":[{"count":0,"href":"https:\/\/www.gilbertogarcia.com.br\/en\/wp-json\/wp\/v2\/pages\/3570\/revisions"}],"wp:attachment":[{"href":"https:\/\/www.gilbertogarcia.com.br\/en\/wp-json\/wp\/v2\/media?parent=3570"}],"curies":[{"name":"wp","href":"https:\/\/api.w.org\/{rel}","templated":true}]}}