{"id":1472,"date":"2019-10-10T02:07:08","date_gmt":"2019-10-10T05:07:08","guid":{"rendered":"https:\/\/www.gilbertogarcia.com.br\/?page_id=1472"},"modified":"2022-09-24T18:30:55","modified_gmt":"2022-09-24T21:30:55","slug":"politica-de-privacidade","status":"publish","type":"page","link":"https:\/\/www.gilbertogarcia.com.br\/en\/politica-de-privacidade\/","title":{"rendered":"Pol\u00edtica de Privacidade"},"content":{"rendered":"<p><strong>SE\u00c7\u00c3O 1 \u2013 O QUE FAREMOS COM ESTA INFORMA\u00c7\u00c3O?<\/strong><\/p>\n<p>Quando voc\u00ea realiza alguma transa\u00e7\u00e3o neste site, como parte do processo de contrata\u00e7\u00e3o de nossos servi\u00e7os e\/ou aquisi\u00e7\u00e3o de nossos produtos, coletamos as informa\u00e7\u00f5es pessoais que voc\u00ea nos d\u00e1 tais como: nome, e-mail e endere\u00e7o.<\/p>\n<p>Quando voc\u00ea acessa nosso site, tamb\u00e9m recebemos automaticamente o protocolo de internet do seu computador, endere\u00e7o de IP, a fim de obter informa\u00e7\u00f5es que nos ajudam a aprender sobre seu navegador e sistema operacional.<\/p>\n<p>Email Marketing ser\u00e1 realizado apenas caso voc\u00ea permita. Nestes emails voc\u00ea poder\u00e1 receber not\u00edcias sobre nosso consult\u00f3rio, novos servi\u00e7os, produtos e outras atualiza\u00e7\u00f5es.<\/p>\n<p><strong>SE\u00c7\u00c3O 2 \u2013 CONSENTIMENTO<\/strong><\/p>\n<p>Como voc\u00eas obt\u00eam meu consentimento?<\/p>\n<p>Quando voc\u00ea fornece informa\u00e7\u00f5es pessoais \u2013 como nome, telefone e endere\u00e7o \u2013 para completar uma transa\u00e7\u00e3o, verificar seu cart\u00e3o de cr\u00e9dito, fazer um pedido, providenciar uma entrega ou retornar uma compra.<\/p>\n<p>Ap\u00f3s a realiza\u00e7\u00e3o de a\u00e7\u00f5es entendemos que voc\u00ea est\u00e1 de acordo com a coleta de dados para serem utilizados pela nossa empresa.<\/p>\n<p>Se pedirmos por suas informa\u00e7\u00f5es pessoais por uma raz\u00e3o secund\u00e1ria \u2013 como marketing \u2013 vamos pedir diretamente por seu consentimento, ou lhe fornecer a oportunidade de dizer n\u00e3o.<\/p>\n<p>E caso voc\u00ea queira retirar seu consentimento, como proceder?<\/p>\n<p>Se ap\u00f3s nos fornecer seus dados voc\u00ea mudar de ideia, poder\u00e1 retirar, a qualquer momento, o seu consentimento para que possamos (a) entrar em contato, (b) a coleta cont\u00ednua de dados, (c) o uso ou divulga\u00e7\u00e3o de suas informa\u00e7\u00f5es; entrando em contato conosco em falecom@gilbertogarcia.com.br ou nos enviando uma correspond\u00eancia para: Gilberto Garcia \u2013 Rua Fortunato Faraone n\u00ba 695 Jardim Girassol \u2013 13465\u2011660 \u2013 Americana\/SP.<\/p>\n<p><strong>SE\u00c7\u00c3O 3 \u2013 DIVULGA\u00c7\u00c3O<\/strong><\/p>\n<p>Podemos divulgar suas informa\u00e7\u00f5es pessoais caso (a) sejamos obrigados por lei a faz\u00ea-lo ou (b) se voc\u00ea violar nossos Termos de Servi\u00e7o.<\/p>\n<p><strong>SE\u00c7\u00c3O 4 \u2013 SERVI\u00c7OS DE TERCEIROS<\/strong><\/p>\n<p>No geral, os fornecedores terceirizados usados por n\u00f3s ir\u00e3o apenas coletar, usar e divulgar suas informa\u00e7\u00f5es na medida do necess\u00e1rio para permitir que eles realizem os servi\u00e7os que nos fornecem.<\/p>\n<p>Entretanto, certos fornecedores de servi\u00e7os terceirizados, tais como gateways de pagamento e outros processadores de transa\u00e7\u00e3o de pagamento, t\u00eam suas pr\u00f3prias pol\u00edticas de privacidade com respeito \u00e0 informa\u00e7\u00e3o de suas transa\u00e7\u00f5es relacionadas com compras que somos obrigados a fornecer a eles.<\/p>\n<p>Para esses fornecedores, recomendamos que voc\u00ea leia suas pol\u00edticas de privacidade para que voc\u00ea possa entender a maneira como suas informa\u00e7\u00f5es pessoais ser\u00e3o usadas por esses fornecedores.<\/p>\n<p>Em particular, lembre-se que certos fornecedores podem ser localizados e\/ou possuir instala\u00e7\u00f5es que s\u00e3o localizadas em jurisdi\u00e7\u00f5es diferentes que voc\u00ea ou n\u00f3s. Assim, se voc\u00ea quer continuar com uma transa\u00e7\u00e3o que envolve os servi\u00e7os de um fornecedor de servi\u00e7o terceirizado, ent\u00e3o suas informa\u00e7\u00f5es podem tornar-se sujeitas \u00e0s leis da(s) jurisdi\u00e7\u00e3o(\u00f5es) nas quais o fornecedor de servi\u00e7o ou suas instala\u00e7\u00f5es est\u00e3o localizados.<\/p>\n<p>Como um exemplo, se voc\u00ea est\u00e1 localizado no Canad\u00e1 e sua transa\u00e7\u00e3o \u00e9 processada por um gateway de pagamento localizado nos Estados Unidos, ent\u00e3o suas informa\u00e7\u00f5es pessoais usadas para completar aquela transa\u00e7\u00e3o podem estar sujeitas \u00e0 divulga\u00e7\u00e3o sob a legisla\u00e7\u00e3o dos Estados Unidos, incluindo, mas n\u00e3o se limitando, ao <em>Ato Patriota<\/em>.<\/p>\n<p>Uma vez que voc\u00ea deixe o site da nossa loja ou seja redirecionado para um aplicativo ou site de terceiros, voc\u00ea n\u00e3o ser\u00e1 mais regido por essa Pol\u00edtica de Privacidade ou pelos Termos de Servi\u00e7o do nosso site.<\/p>\n<p>Links<\/p>\n<p>Quando voc\u00ea clica em links na nossa loja, eles podem lhe direcionar para fora do nosso site. N\u00e3o somos respons\u00e1veis pelas pr\u00e1ticas de privacidade de outros sites e lhe incentivamos a ler as declara\u00e7\u00f5es de privacidade deles.<\/p>\n<p><strong>SE\u00c7\u00c3O 5 \u2013 SEGURAN\u00c7A<\/strong><\/p>\n<p>Para proteger suas informa\u00e7\u00f5es pessoais, tomamos precau\u00e7\u00f5es razo\u00e1veis e seguimos as melhores pr\u00e1ticas da ind\u00fastria para nos certificar que elas n\u00e3o ser\u00e3o perdidas inadequadamente, usurpadas, acessadas, divulgadas, alteradas ou destru\u00eddas.<\/p>\n<p>Se voc\u00ea nos fornece as suas informa\u00e7\u00f5es de cart\u00e3o de cr\u00e9dito, essa informa\u00e7\u00e3o \u00e9 criptografada usando tecnologia \u201csecure socket layer\u201d (SSL) e armazenada com uma criptografia AES-256. Embora nenhum m\u00e9todo de transmiss\u00e3o pela Internet ou armazenamento eletr\u00f4nico seja 100% seguro, n\u00f3s seguimos todos os requisitos da PCI-DSS e implementamos padr\u00f5es adicionais geralmente aceitos pela ind\u00fastria.<\/p>\n<p><strong>SE\u00c7\u00c3O 6 \u2013 ALTERA\u00c7\u00d5ES PARA ESSA POL\u00cdTICA DE PRIVACIDADE<\/strong><\/p>\n<p>Reservamo-nos o direito de modificar essa pol\u00edtica de privacidade a qualquer momento, ent\u00e3o por favor, revise-a com frequ\u00eancia. Altera\u00e7\u00f5es e esclarecimentos v\u00e3o surtir efeito imediatamente ap\u00f3s sua publica\u00e7\u00e3o no site. Se fizermos altera\u00e7\u00f5es de materiais para essa pol\u00edtica, iremos notific\u00e1-lo assim que eles foram atualizados, para que voc\u00ea tenha ci\u00eancia sobre quais informa\u00e7\u00f5es coletamos, como as usamos, e sob que circunst\u00e2ncias, se alguma, as usamos e\/ou divulgamos.<\/p>\n<p>Se nosso consult\u00f3rio for adquirido ou fundido com outra empresa, suas informa\u00e7\u00f5es podem ser transferidas para os novos propriet\u00e1rios para que possamos continuar a oferecer produtos e servi\u00e7os para voc\u00ea.<\/p>\n<p>&nbsp;<\/p>","protected":false},"excerpt":{"rendered":"<p>SE\u00c7\u00c3O 1 \u2013 O QUE FAREMOS COM ESTA INFORMA\u00c7\u00c3O? Quando voc\u00ea realiza alguma transa\u00e7\u00e3o neste site, como parte do processo de contrata\u00e7\u00e3o de nossos servi\u00e7os e\/ou aquisi\u00e7\u00e3o de nossos produtos, coletamos as informa\u00e7\u00f5es pessoais que voc\u00ea nos d\u00e1 tais como: nome, e-mail e endere\u00e7o. Quando voc\u00ea acessa nosso site, tamb\u00e9m recebemos automaticamente o protocolo de [&hellip;]<\/p>\n","protected":false},"author":1,"featured_media":0,"parent":0,"menu_order":0,"comment_status":"closed","ping_status":"closed","template":"","meta":{"site-sidebar-layout":"no-sidebar","site-content-layout":"default","ast-site-content-layout":"default","site-content-style":"default","site-sidebar-style":"default","ast-global-header-display":"","ast-banner-title-visibility":"","ast-main-header-display":"","ast-hfb-above-header-display":"","ast-hfb-below-header-display":"","ast-hfb-mobile-header-display":"","site-post-title":"","ast-breadcrumbs-content":"","ast-featured-img":"","footer-sml-layout":"","ast-disable-related-posts":"","theme-transparent-header-meta":"default","adv-header-id-meta":"","stick-header-meta":"","header-above-stick-meta":"","header-main-stick-meta":"","header-below-stick-meta":"","astra-migrate-meta-layouts":"default","ast-page-background-enabled":"default","ast-page-background-meta":{"desktop":{"background-color":"","background-image":"","background-repeat":"repeat","background-position":"center center","background-size":"auto","background-attachment":"scroll","background-type":"","background-media":"","overlay-type":"","overlay-color":"","overlay-opacity":"","overlay-gradient":""},"tablet":{"background-color":"","background-image":"","background-repeat":"repeat","background-position":"center center","background-size":"auto","background-attachment":"scroll","background-type":"","background-media":"","overlay-type":"","overlay-color":"","overlay-opacity":"","overlay-gradient":""},"mobile":{"background-color":"","background-image":"","background-repeat":"repeat","background-position":"center center","background-size":"auto","background-attachment":"scroll","background-type":"","background-media":"","overlay-type":"","overlay-color":"","overlay-opacity":"","overlay-gradient":""}},"ast-content-background-meta":{"desktop":{"background-color":"var(--ast-global-color-5)","background-image":"","background-repeat":"repeat","background-position":"center center","background-size":"auto","background-attachment":"scroll","background-type":"","background-media":"","overlay-type":"","overlay-color":"","overlay-opacity":"","overlay-gradient":""},"tablet":{"background-color":"var(--ast-global-color-5)","background-image":"","background-repeat":"repeat","background-position":"center center","background-size":"auto","background-attachment":"scroll","background-type":"","background-media":"","overlay-type":"","overlay-color":"","overlay-opacity":"","overlay-gradient":""},"mobile":{"background-color":"var(--ast-global-color-5)","background-image":"","background-repeat":"repeat","background-position":"center center","background-size":"auto","background-attachment":"scroll","background-type":"","background-media":"","overlay-type":"","overlay-color":"","overlay-opacity":"","overlay-gradient":""}},"footnotes":""},"class_list":["post-1472","page","type-page","status-publish","hentry"],"yoast_head":"<!-- This site is optimized with the Yoast SEO plugin v27.5 - https:\/\/yoast.com\/product\/yoast-seo-wordpress\/ -->\n<title>Pol\u00edtica de Privacidade - Gilberto Garcia<\/title>\n<meta name=\"robots\" content=\"index, follow, max-snippet:-1, max-image-preview:large, max-video-preview:-1\" \/>\n<link rel=\"canonical\" href=\"https:\/\/www.gilbertogarcia.com.br\/en\/politica-de-privacidade\/\" \/>\n<meta property=\"og:locale\" content=\"en_US\" \/>\n<meta property=\"og:type\" content=\"article\" \/>\n<meta property=\"og:title\" content=\"Pol\u00edtica de Privacidade - Gilberto Garcia\" \/>\n<meta property=\"og:description\" content=\"SE\u00c7\u00c3O 1 \u2013 O QUE FAREMOS COM ESTA INFORMA\u00c7\u00c3O? Quando voc\u00ea realiza alguma transa\u00e7\u00e3o neste site, como parte do processo de contrata\u00e7\u00e3o de nossos servi\u00e7os e\/ou aquisi\u00e7\u00e3o de nossos produtos, coletamos as informa\u00e7\u00f5es pessoais que voc\u00ea nos d\u00e1 tais como: nome, e-mail e endere\u00e7o. Quando voc\u00ea acessa nosso site, tamb\u00e9m recebemos automaticamente o protocolo de [&hellip;]\" \/>\n<meta property=\"og:url\" content=\"https:\/\/www.gilbertogarcia.com.br\/en\/politica-de-privacidade\/\" \/>\n<meta property=\"og:site_name\" content=\"Gilberto Garcia\" \/>\n<meta property=\"article:publisher\" content=\"https:\/\/pt-br.facebook.com\/gilberto.garcia.psicologo\/\" \/>\n<meta property=\"article:modified_time\" content=\"2022-09-24T21:30:55+00:00\" \/>\n<meta property=\"og:image\" content=\"https:\/\/www.gilbertogarcia.com.br\/site\/wp-content\/uploads\/2021\/12\/home-dez2021-2.webp\" \/>\n\t<meta property=\"og:image:width\" content=\"1920\" \/>\n\t<meta property=\"og:image:height\" content=\"732\" \/>\n\t<meta property=\"og:image:type\" content=\"image\/webp\" \/>\n<meta name=\"twitter:card\" content=\"summary_large_image\" \/>\n<meta name=\"twitter:site\" content=\"@GilbertoPsic\" \/>\n<meta name=\"twitter:label1\" content=\"Est. reading time\" \/>\n\t<meta name=\"twitter:data1\" content=\"4 minutes\" \/>\n<script type=\"application\/ld+json\" class=\"yoast-schema-graph\">{\"@context\":\"https:\\\/\\\/schema.org\",\"@graph\":[{\"@type\":\"WebPage\",\"@id\":\"https:\\\/\\\/www.gilbertogarcia.com.br\\\/politica-de-privacidade\\\/\",\"url\":\"https:\\\/\\\/www.gilbertogarcia.com.br\\\/politica-de-privacidade\\\/\",\"name\":\"Pol\u00edtica de Privacidade - Gilberto Garcia\",\"isPartOf\":{\"@id\":\"https:\\\/\\\/www.gilbertogarcia.com.br\\\/#website\"},\"datePublished\":\"2019-10-10T05:07:08+00:00\",\"dateModified\":\"2022-09-24T21:30:55+00:00\",\"breadcrumb\":{\"@id\":\"https:\\\/\\\/www.gilbertogarcia.com.br\\\/politica-de-privacidade\\\/#breadcrumb\"},\"inLanguage\":\"en-US\",\"potentialAction\":[{\"@type\":\"ReadAction\",\"target\":[\"https:\\\/\\\/www.gilbertogarcia.com.br\\\/politica-de-privacidade\\\/\"]}]},{\"@type\":\"BreadcrumbList\",\"@id\":\"https:\\\/\\\/www.gilbertogarcia.com.br\\\/politica-de-privacidade\\\/#breadcrumb\",\"itemListElement\":[{\"@type\":\"ListItem\",\"position\":1,\"name\":\"In\u00edcio\",\"item\":\"https:\\\/\\\/www.gilbertogarcia.com.br\\\/\"},{\"@type\":\"ListItem\",\"position\":2,\"name\":\"Pol\u00edtica de Privacidade\"}]},{\"@type\":\"WebSite\",\"@id\":\"https:\\\/\\\/www.gilbertogarcia.com.br\\\/#website\",\"url\":\"https:\\\/\\\/www.gilbertogarcia.com.br\\\/\",\"name\":\"Gilberto Garcia\",\"description\":\"Psic\u00f3logo\",\"publisher\":{\"@id\":\"https:\\\/\\\/www.gilbertogarcia.com.br\\\/#organization\"},\"potentialAction\":[{\"@type\":\"SearchAction\",\"target\":{\"@type\":\"EntryPoint\",\"urlTemplate\":\"https:\\\/\\\/www.gilbertogarcia.com.br\\\/?s={search_term_string}\"},\"query-input\":{\"@type\":\"PropertyValueSpecification\",\"valueRequired\":true,\"valueName\":\"search_term_string\"}}],\"inLanguage\":\"en-US\"},{\"@type\":\"Organization\",\"@id\":\"https:\\\/\\\/www.gilbertogarcia.com.br\\\/#organization\",\"name\":\"Psic\u00f3logo Gilberto Garcia\",\"url\":\"https:\\\/\\\/www.gilbertogarcia.com.br\\\/\",\"logo\":{\"@type\":\"ImageObject\",\"inLanguage\":\"en-US\",\"@id\":\"https:\\\/\\\/www.gilbertogarcia.com.br\\\/#\\\/schema\\\/logo\\\/image\\\/\",\"url\":\"https:\\\/\\\/www.gilbertogarcia.com.br\\\/web\\\/wp-content\\\/uploads\\\/2019\\\/09\\\/logo-site-black.png\",\"contentUrl\":\"https:\\\/\\\/www.gilbertogarcia.com.br\\\/web\\\/wp-content\\\/uploads\\\/2019\\\/09\\\/logo-site-black.png\",\"width\":190,\"height\":145,\"caption\":\"Psic\u00f3logo Gilberto Garcia\"},\"image\":{\"@id\":\"https:\\\/\\\/www.gilbertogarcia.com.br\\\/#\\\/schema\\\/logo\\\/image\\\/\"},\"sameAs\":[\"https:\\\/\\\/pt-br.facebook.com\\\/gilberto.garcia.psicologo\\\/\",\"https:\\\/\\\/x.com\\\/GilbertoPsic\",\"https:\\\/\\\/www.instagram.com\\\/gilbertogarcia_psicologo\\\/\",\"http:\\\/\\\/linkedin.com\\\/company\\\/gilberto-garcia-psiclogo\"]}]}<\/script>\n<!-- \/ Yoast SEO plugin. -->","yoast_head_json":{"title":"Pol\u00edtica de Privacidade - Gilberto Garcia","robots":{"index":"index","follow":"follow","max-snippet":"max-snippet:-1","max-image-preview":"max-image-preview:large","max-video-preview":"max-video-preview:-1"},"canonical":"https:\/\/www.gilbertogarcia.com.br\/en\/politica-de-privacidade\/","og_locale":"en_US","og_type":"article","og_title":"Pol\u00edtica de Privacidade - Gilberto Garcia","og_description":"SE\u00c7\u00c3O 1 \u2013 O QUE FAREMOS COM ESTA INFORMA\u00c7\u00c3O? Quando voc\u00ea realiza alguma transa\u00e7\u00e3o neste site, como parte do processo de contrata\u00e7\u00e3o de nossos servi\u00e7os e\/ou aquisi\u00e7\u00e3o de nossos produtos, coletamos as informa\u00e7\u00f5es pessoais que voc\u00ea nos d\u00e1 tais como: nome, e-mail e endere\u00e7o. Quando voc\u00ea acessa nosso site, tamb\u00e9m recebemos automaticamente o protocolo de [&hellip;]","og_url":"https:\/\/www.gilbertogarcia.com.br\/en\/politica-de-privacidade\/","og_site_name":"Gilberto Garcia","article_publisher":"https:\/\/pt-br.facebook.com\/gilberto.garcia.psicologo\/","article_modified_time":"2022-09-24T21:30:55+00:00","og_image":[{"width":1920,"height":732,"url":"https:\/\/www.gilbertogarcia.com.br\/site\/wp-content\/uploads\/2021\/12\/home-dez2021-2.webp","type":"image\/webp"}],"twitter_card":"summary_large_image","twitter_site":"@GilbertoPsic","twitter_misc":{"Est. reading time":"4 minutes"},"schema":{"@context":"https:\/\/schema.org","@graph":[{"@type":"WebPage","@id":"https:\/\/www.gilbertogarcia.com.br\/politica-de-privacidade\/","url":"https:\/\/www.gilbertogarcia.com.br\/politica-de-privacidade\/","name":"Pol\u00edtica de Privacidade - Gilberto Garcia","isPartOf":{"@id":"https:\/\/www.gilbertogarcia.com.br\/#website"},"datePublished":"2019-10-10T05:07:08+00:00","dateModified":"2022-09-24T21:30:55+00:00","breadcrumb":{"@id":"https:\/\/www.gilbertogarcia.com.br\/politica-de-privacidade\/#breadcrumb"},"inLanguage":"en-US","potentialAction":[{"@type":"ReadAction","target":["https:\/\/www.gilbertogarcia.com.br\/politica-de-privacidade\/"]}]},{"@type":"BreadcrumbList","@id":"https:\/\/www.gilbertogarcia.com.br\/politica-de-privacidade\/#breadcrumb","itemListElement":[{"@type":"ListItem","position":1,"name":"In\u00edcio","item":"https:\/\/www.gilbertogarcia.com.br\/"},{"@type":"ListItem","position":2,"name":"Pol\u00edtica de Privacidade"}]},{"@type":"WebSite","@id":"https:\/\/www.gilbertogarcia.com.br\/#website","url":"https:\/\/www.gilbertogarcia.com.br\/","name":"Gilberto Garcia","description":"Psychologist","publisher":{"@id":"https:\/\/www.gilbertogarcia.com.br\/#organization"},"potentialAction":[{"@type":"SearchAction","target":{"@type":"EntryPoint","urlTemplate":"https:\/\/www.gilbertogarcia.com.br\/?s={search_term_string}"},"query-input":{"@type":"PropertyValueSpecification","valueRequired":true,"valueName":"search_term_string"}}],"inLanguage":"en-US"},{"@type":"Organization","@id":"https:\/\/www.gilbertogarcia.com.br\/#organization","name":"Gilberto Garcia \u2013 Psychologist","url":"https:\/\/www.gilbertogarcia.com.br\/","logo":{"@type":"ImageObject","inLanguage":"en-US","@id":"https:\/\/www.gilbertogarcia.com.br\/#\/schema\/logo\/image\/","url":"https:\/\/www.gilbertogarcia.com.br\/web\/wp-content\/uploads\/2019\/09\/logo-site-black.png","contentUrl":"https:\/\/www.gilbertogarcia.com.br\/web\/wp-content\/uploads\/2019\/09\/logo-site-black.png","width":190,"height":145,"caption":"Psic\u00f3logo Gilberto Garcia"},"image":{"@id":"https:\/\/www.gilbertogarcia.com.br\/#\/schema\/logo\/image\/"},"sameAs":["https:\/\/pt-br.facebook.com\/gilberto.garcia.psicologo\/","https:\/\/x.com\/GilbertoPsic","https:\/\/www.instagram.com\/gilbertogarcia_psicologo\/","http:\/\/linkedin.com\/company\/gilberto-garcia-psiclogo"]}]}},"_links":{"self":[{"href":"https:\/\/www.gilbertogarcia.com.br\/en\/wp-json\/wp\/v2\/pages\/1472","targetHints":{"allow":["GET"]}}],"collection":[{"href":"https:\/\/www.gilbertogarcia.com.br\/en\/wp-json\/wp\/v2\/pages"}],"about":[{"href":"https:\/\/www.gilbertogarcia.com.br\/en\/wp-json\/wp\/v2\/types\/page"}],"author":[{"embeddable":true,"href":"https:\/\/www.gilbertogarcia.com.br\/en\/wp-json\/wp\/v2\/users\/1"}],"replies":[{"embeddable":true,"href":"https:\/\/www.gilbertogarcia.com.br\/en\/wp-json\/wp\/v2\/comments?post=1472"}],"version-history":[{"count":0,"href":"https:\/\/www.gilbertogarcia.com.br\/en\/wp-json\/wp\/v2\/pages\/1472\/revisions"}],"wp:attachment":[{"href":"https:\/\/www.gilbertogarcia.com.br\/en\/wp-json\/wp\/v2\/media?parent=1472"}],"curies":[{"name":"wp","href":"https:\/\/api.w.org\/{rel}","templated":true}]}}